{"id":2204,"date":"2023-12-29T15:10:27","date_gmt":"2023-12-29T15:10:27","guid":{"rendered":"https:\/\/haus-stuff.de\/?page_id=2204"},"modified":"2024-02-10T08:59:32","modified_gmt":"2024-02-10T08:59:32","slug":"impressum","status":"publish","type":"page","link":"https:\/\/haus-stuff.de\/startseite\/impressum","title":{"rendered":"Impressum"},"content":{"rendered":"<div id='hausstuff'  class='avia-section av-65j86k-62e0a613268274cb3baf9bd17308181c main_color avia-section-default avia-shadow  avia-builder-el-0  avia-builder-el-no-sibling  avia-bg-style-scroll container_wrap sidebar_right'  ><div class='container av-section-cont-open' ><main  role=\"main\" itemprop=\"mainContentOfPage\"  class='template-page content  av-content-small alpha units'><div class='post-entry post-entry-type-page post-entry-2204'><div class='entry-content-wrapper clearfix'>\n<div  class='flex_column av-3wrk98-1b5b49a6a781c13c669f78003d6d337a av_one_full  avia-builder-el-1  avia-builder-el-no-sibling  first flex_column_div  '     ><p>\n<style type=\"text\/css\" data-created_by=\"avia_inline_auto\" id=\"style-css-av-lqqrtaqu-ee18f0204dfb9a8f7f4792b6c5ba9313\">\n#top .av-special-heading.av-lqqrtaqu-ee18f0204dfb9a8f7f4792b6c5ba9313{\npadding-bottom:20px;\nfont-size:35px;\n}\nbody .av-special-heading.av-lqqrtaqu-ee18f0204dfb9a8f7f4792b6c5ba9313 .av-special-heading-tag .heading-char{\nfont-size:25px;\n}\n#top #wrap_all .av-special-heading.av-lqqrtaqu-ee18f0204dfb9a8f7f4792b6c5ba9313 .av-special-heading-tag{\nfont-size:35px;\n}\n.av-special-heading.av-lqqrtaqu-ee18f0204dfb9a8f7f4792b6c5ba9313 .av-subheading{\nfont-size:20px;\n}\n\n@media only screen and (min-width: 480px) and (max-width: 767px){ \n#top #wrap_all .av-special-heading.av-lqqrtaqu-ee18f0204dfb9a8f7f4792b6c5ba9313 .av-special-heading-tag{\nfont-size:0.8em;\n}\n}\n\n@media only screen and (max-width: 479px){ \n#top #wrap_all .av-special-heading.av-lqqrtaqu-ee18f0204dfb9a8f7f4792b6c5ba9313 .av-special-heading-tag{\nfont-size:0.8em;\n}\n}\n<\/style>\n<div  class='av-special-heading av-lqqrtaqu-ee18f0204dfb9a8f7f4792b6c5ba9313 av-special-heading-h2 blockquote modern-quote  avia-builder-el-2  el_before_av_textblock  avia-builder-el-first  av-inherit-size'><h2 class='av-special-heading-tag'  itemprop=\"headline\"  >Impressum<\/h2><div class=\"special-heading-border\"><div class=\"special-heading-inner-border\"><\/div><\/div><\/div><br \/>\n<section  class='av_textblock_section av-2e2970-936601393f23f2f51ebd180a21463bf2 '   itemscope=\"itemscope\" itemtype=\"https:\/\/schema.org\/CreativeWork\" ><div class='avia_textblock'  itemprop=\"text\" ><h3>Verantwortlich f\u00fcr den Inhalt<\/h3>\n<p>Annette &amp; Matthias Stuff<br \/>\nIm Hohl 7<br \/>\n57462 Olpe \u2013 Hohl<br \/>\nTel. 02761 \/ 66630<br \/>\ninfo@haus-stuff.de<\/p>\n<\/div><\/section><br \/>\n<section  class='av_textblock_section av-2rmics-8790428da8f863cbea812546f149fd1d '   itemscope=\"itemscope\" itemtype=\"https:\/\/schema.org\/CreativeWork\" ><div class='avia_textblock'  itemprop=\"text\" ><p><strong>Rechtliche Hinweise<\/strong><br \/>\nRechtliche Hinweise zur Nutzung des Internetangebots Haus Stuff.<br \/>\nDie Nutzung dieses Angebots unterliegt den folgenden Bestimmungen, mit denen sie sich durch Zugriff auf diese Webseiten einverstanden erkl\u00e4ren:<\/p>\n<p><strong>Urheberrecht<\/strong><br \/>\nDiese Webseiten dienen der Information \u00fcber Haus Stuff und ihre Produkte. Die Texte, Bilder, Grafiken und das Layout sowie die gesamte grafische Gestaltung dieser Seiten sind urheberrechtlich gesch\u00fctzt. S\u00e4mtlicher Inhalt der Seiten darf nicht zu kommerziellen Zwecken kopiert, verbreitet oder ver\u00e4ndert werden. Der Download sowie der Ausdruck von Texten, Bildern und grafischen Elementen ist nur zum pers\u00f6nlichen, privaten und nicht kommerziellen Gebrauch gestattet. Eine Vervielf\u00e4ltigung von Grafiken, Bildern, Tondokumenten, Videosequenzen und Texten in anderen elektronischen oder gedruckten Publikationen ist nur nach schriftlicher Zustimmung von Haus Stuff\u00a0zul\u00e4ssig.<\/p>\n<p><strong>Haftungsausschluss f\u00fcr Informationen<\/strong><br \/>\nDie Inhalte dieser Webseiten dienen lediglich allgemeinen Informationszwecken. Auch wenn alle Angaben auf ihre Richtigkeit und Vollst\u00e4ndigkeit gepr\u00fcft wurden, k\u00f6nnen diese trotzdem Fehler oder Ungenauigkeiten enthalten. Haus Stuff \u00fcbernimmt deshalb hinsichtlich der Richtigkeit, Vollst\u00e4ndigkeit und Aktualit\u00e4t der Angaben auf ihrer Webseite keine Haftung f\u00fcr Sch\u00e4den materieller oder ideeller Art, die durch die Nutzung fehlerhafter oder unvollst\u00e4ndiger Informationen innerhalb dieses Internetangebots entstehen.<br \/>\nHaus Stuff beh\u00e4lt sich ausdr\u00fccklich vor, Teile der Seiten oder das gesamte Angebot ohne gesonderte Ank\u00fcndigung zu ver\u00e4ndern, zu erg\u00e4nzen, zu l\u00f6schen oder die Ver\u00f6ffentlichung zeitweise oder endg\u00fcltig einzustellen.<\/p>\n<p><strong>Haftungsausschluss f\u00fcr Links<\/strong><br \/>\nHaus Stuff bem\u00fcht sich um eine Kontrolle der Inhalte derjenigen fremden Internetseiten, auf die im Rahmen ihres Internetangebots direkt oder indirekt durch Links verwiesen wird. Da die Ver\u00e4nderung dieser Inhalte au\u00dferhalb des Einflussbereiches von Haus Stuff\u00a0liegt, kann eine Haftung f\u00fcr externe Links insbesondere deren Inhalte nicht \u00fcbernommen werden. Haus Stuff erkl\u00e4rt deshalb ausdr\u00fccklich, dass sie sich den Inhalt der verlinkten Seiten nicht zu eigen macht. F\u00fcr Sch\u00e4den, die aus der Nutzung dieser fremden Seiten entstehen, haftet alleine der Anbieter der Seite, auf welche verwiesen wurde.<\/p>\n<p><strong>Datenschutz<\/strong><br \/>\nSofern innerhalb des Internetangebots von Haus Stuff\u00a0die M\u00f6glichkeit zur Eingabe pers\u00f6nlicher oder gesch\u00e4ftlicher Daten besteht, erfolgt diese Angabe der Daten durch den Nutzer auf ausdr\u00fccklich freiwilliger Basis. Haus Stuff erkl\u00e4rt ausdr\u00fccklich, dass diese Daten nur zu dem angegebenen Zweck verwendet und nicht an Dritte weitergegeben werden. Alle Angaben werden den geltenden <a href=\"https:\/\/haus-stuff.de\/datenschutzerklaerung\">datenschutzrechtlichen Bestimmungen<\/a> vertraulich behandelt.<\/p>\n<p><strong>Verbraucher\u00adstreit\u00adbeilegung\/Universal\u00adschlichtungs\u00adstelle<\/strong><br \/>\nWir sind nicht bereit oder verpflichtet, an Streitbeilegungsverfahren vor einer Verbraucherschlichtungsstelle teilzunehmen.<\/p>\n<p><strong>Angaben zur EU-Streitschlichtung<\/strong><br \/>\nAnnette &amp; Matthias Stuff<br \/>\nIm Hohl 7<br \/>\n57462 Olpe \u2013 Hohl<br \/>\nTelefon: 02761 \/ 66630<br \/>\nMail: info@haus-stuff.de<\/p>\n<p>Plattform der EU-Kommission zur Online-Streitbeilegung: <a href=\"https:\/\/www.ec.europa.eu\/consumers\/odr\" target=\"_blank\" rel=\"noopener\">https:\/\/www.ec.europa.eu\/consumers\/odr<\/a><\/p>\n<\/div><\/section><\/p><\/div><\/div><\/div><\/main><!-- close content main element --><\/div><\/div><div id='after_section_1'  class='main_color av_default_container_wrap container_wrap sidebar_right'  ><div class='container av-section-cont-open' ><div class='template-page content  av-content-small alpha units'><div class='post-entry post-entry-type-page post-entry-2204'><div class='entry-content-wrapper clearfix'>\n","protected":false},"excerpt":{"rendered":"","protected":false},"author":1,"featured_media":0,"parent":0,"menu_order":0,"comment_status":"closed","ping_status":"closed","template":"","meta":{"footnotes":""},"class_list":["post-2204","page","type-page","status-publish","hentry"],"_links":{"self":[{"href":"https:\/\/haus-stuff.de\/startseite\/wp-json\/wp\/v2\/pages\/2204","targetHints":{"allow":["GET"]}}],"collection":[{"href":"https:\/\/haus-stuff.de\/startseite\/wp-json\/wp\/v2\/pages"}],"about":[{"href":"https:\/\/haus-stuff.de\/startseite\/wp-json\/wp\/v2\/types\/page"}],"author":[{"embeddable":true,"href":"https:\/\/haus-stuff.de\/startseite\/wp-json\/wp\/v2\/users\/1"}],"replies":[{"embeddable":true,"href":"https:\/\/haus-stuff.de\/startseite\/wp-json\/wp\/v2\/comments?post=2204"}],"version-history":[{"count":7,"href":"https:\/\/haus-stuff.de\/startseite\/wp-json\/wp\/v2\/pages\/2204\/revisions"}],"predecessor-version":[{"id":2227,"href":"https:\/\/haus-stuff.de\/startseite\/wp-json\/wp\/v2\/pages\/2204\/revisions\/2227"}],"wp:attachment":[{"href":"https:\/\/haus-stuff.de\/startseite\/wp-json\/wp\/v2\/media?parent=2204"}],"curies":[{"name":"wp","href":"https:\/\/api.w.org\/{rel}","templated":true}]}}